{"id":655,"date":"2017-10-26T23:10:11","date_gmt":"2017-10-27T05:10:11","guid":{"rendered":"http:\/\/catrinatours.com\/es\/?page_id=655"},"modified":"2017-10-31T01:05:36","modified_gmt":"2017-10-31T07:05:36","slug":"los-mejores-tours-san-miguel","status":"publish","type":"page","link":"https:\/\/catrinatours.com\/es\/los-mejores-tours-san-miguel\/","title":{"rendered":"Los Mejores Tours En San Miguel De Allende"},"content":{"rendered":"\t\t<div data-elementor-type=\"wp-post\" data-elementor-id=\"655\" class=\"elementor elementor-655 elementor-bc-flex-widget\">\n\t\t\t\t\t\t<div class=\"elementor-inner\">\n\t\t\t\t<div class=\"elementor-section-wrap\">\n\t\t\t\t\t\t\t\t\t<section class=\"elementor-section elementor-top-section elementor-element elementor-element-ik87d2f elementor-section-boxed elementor-section-height-default elementor-section-height-default\" data-id=\"ik87d2f\" data-element_type=\"section\">\n\t\t\t\t\t\t<div class=\"elementor-container elementor-column-gap-default\">\n\t\t\t\t\t\t\t<div class=\"elementor-row\">\n\t\t\t\t\t<div class=\"elementor-column elementor-col-100 elementor-top-column elementor-element elementor-element-9odm29m\" data-id=\"9odm29m\" data-element_type=\"column\">\n\t\t\t<div class=\"elementor-column-wrap elementor-element-populated\">\n\t\t\t\t\t\t\t<div class=\"elementor-widget-wrap\">\n\t\t\t\t\t\t<div class=\"elementor-element elementor-element-lmk5d62 elementor-widget elementor-widget-spacer\" data-id=\"lmk5d62\" data-element_type=\"widget\" data-widget_type=\"spacer.default\">\n\t\t\t\t<div class=\"elementor-widget-container\">\n\t\t\t\t\t<div class=\"elementor-spacer\">\n\t\t\t<div class=\"elementor-spacer-inner\"><\/div>\n\t\t<\/div>\n\t\t\t\t<\/div>\n\t\t\t\t<\/div>\n\t\t\t\t\t\t<\/div>\n\t\t\t\t\t<\/div>\n\t\t<\/div>\n\t\t\t\t\t\t\t\t<\/div>\n\t\t\t\t\t<\/div>\n\t\t<\/section>\n\t\t\t\t<section class=\"elementor-section elementor-top-section elementor-element elementor-element-fesgwob elementor-section-boxed elementor-section-height-default elementor-section-height-default\" data-id=\"fesgwob\" data-element_type=\"section\">\n\t\t\t\t\t\t<div class=\"elementor-container elementor-column-gap-default\">\n\t\t\t\t\t\t\t<div class=\"elementor-row\">\n\t\t\t\t\t<div class=\"elementor-column elementor-col-100 elementor-top-column elementor-element elementor-element-0g5grzu\" data-id=\"0g5grzu\" data-element_type=\"column\">\n\t\t\t<div class=\"elementor-column-wrap elementor-element-populated\">\n\t\t\t\t\t\t\t<div class=\"elementor-widget-wrap\">\n\t\t\t\t\t\t<div class=\"elementor-element elementor-element-d0oyqoz elementor-widget elementor-widget-heading\" data-id=\"d0oyqoz\" data-element_type=\"widget\" data-widget_type=\"heading.default\">\n\t\t\t\t<div class=\"elementor-widget-container\">\n\t\t\t<h1 class=\"elementor-heading-title elementor-size-default\">Experiencias Privadas Dise\u00f1adas Por Expertos<\/h1>\t\t<\/div>\n\t\t\t\t<\/div>\n\t\t\t\t\t\t<\/div>\n\t\t\t\t\t<\/div>\n\t\t<\/div>\n\t\t\t\t\t\t\t\t<\/div>\n\t\t\t\t\t<\/div>\n\t\t<\/section>\n\t\t\t\t<section class=\"elementor-section elementor-top-section elementor-element elementor-element-xywh4ab elementor-section-boxed elementor-section-height-default elementor-section-height-default\" data-id=\"xywh4ab\" data-element_type=\"section\">\n\t\t\t\t\t\t<div class=\"elementor-container elementor-column-gap-default\">\n\t\t\t\t\t\t\t<div class=\"elementor-row\">\n\t\t\t\t\t<div class=\"elementor-column elementor-col-100 elementor-top-column elementor-element elementor-element-rluq2ai\" data-id=\"rluq2ai\" data-element_type=\"column\">\n\t\t\t<div class=\"elementor-column-wrap elementor-element-populated\">\n\t\t\t\t\t\t\t<div class=\"elementor-widget-wrap\">\n\t\t\t\t\t\t<div class=\"elementor-element elementor-element-dvyupfi elementor-widget elementor-widget-spacer\" data-id=\"dvyupfi\" data-element_type=\"widget\" data-widget_type=\"spacer.default\">\n\t\t\t\t<div class=\"elementor-widget-container\">\n\t\t\t\t\t<div class=\"elementor-spacer\">\n\t\t\t<div class=\"elementor-spacer-inner\"><\/div>\n\t\t<\/div>\n\t\t\t\t<\/div>\n\t\t\t\t<\/div>\n\t\t\t\t\t\t<\/div>\n\t\t\t\t\t<\/div>\n\t\t<\/div>\n\t\t\t\t\t\t\t\t<\/div>\n\t\t\t\t\t<\/div>\n\t\t<\/section>\n\t\t\t\t<section class=\"elementor-section elementor-top-section elementor-element elementor-element-grnrozv elementor-section-boxed elementor-section-height-default elementor-section-height-default\" data-id=\"grnrozv\" data-element_type=\"section\">\n\t\t\t\t\t\t<div class=\"elementor-container elementor-column-gap-default\">\n\t\t\t\t\t\t\t<div class=\"elementor-row\">\n\t\t\t\t\t<div class=\"elementor-column elementor-col-100 elementor-top-column elementor-element elementor-element-afh8yc7\" data-id=\"afh8yc7\" data-element_type=\"column\">\n\t\t\t<div class=\"elementor-column-wrap elementor-element-populated\">\n\t\t\t\t\t\t\t<div class=\"elementor-widget-wrap\">\n\t\t\t\t\t\t<div class=\"elementor-element elementor-element-hddp27s elementor-widget elementor-widget-text-editor\" data-id=\"hddp27s\" data-element_type=\"widget\" data-widget_type=\"text-editor.default\">\n\t\t\t\t<div class=\"elementor-widget-container\">\n\t\t\t\t\t\t\t\t<div class=\"elementor-text-editor elementor-clearfix\">\n\t\t\t\t<p>Te invitamos a vivir destinos \u00fanicos de manera aut\u00e9ntica, segura y con gu\u00edas expertos.<\/p><p>Reservaciones sencillas, atenci\u00f3n a clientes eficiente y toda la flexibilidad que necesites.<\/p>\t\t\t\t\t<\/div>\n\t\t\t\t\t\t<\/div>\n\t\t\t\t<\/div>\n\t\t\t\t\t\t<\/div>\n\t\t\t\t\t<\/div>\n\t\t<\/div>\n\t\t\t\t\t\t\t\t<\/div>\n\t\t\t\t\t<\/div>\n\t\t<\/section>\n\t\t\t\t<section class=\"elementor-section elementor-top-section elementor-element elementor-element-0ryyivp elementor-section-boxed elementor-section-height-default elementor-section-height-default\" data-id=\"0ryyivp\" data-element_type=\"section\">\n\t\t\t\t\t\t<div class=\"elementor-container elementor-column-gap-default\">\n\t\t\t\t\t\t\t<div class=\"elementor-row\">\n\t\t\t\t\t<div class=\"elementor-column elementor-col-100 elementor-top-column elementor-element elementor-element-h0ysjso\" data-id=\"h0ysjso\" data-element_type=\"column\">\n\t\t\t<div class=\"elementor-column-wrap elementor-element-populated\">\n\t\t\t\t\t\t\t<div class=\"elementor-widget-wrap\">\n\t\t\t\t\t\t<div class=\"elementor-element elementor-element-lwrt6qu elementor-align-center elementor-widget elementor-widget-button\" data-id=\"lwrt6qu\" data-element_type=\"widget\" data-widget_type=\"button.default\">\n\t\t\t\t<div class=\"elementor-widget-container\">\n\t\t\t\t\t<div class=\"elementor-button-wrapper\">\n\t\t\t<a href=\"http:\/\/catrinatours.com\/es\/acerca-de\/\" class=\"elementor-button-link elementor-button elementor-size-md\" role=\"button\">\n\t\t\t\t\t\t<span class=\"elementor-button-content-wrapper\">\n\t\t\t\t\t\t<span class=\"elementor-button-text\">CON\u00d3CENOS MEJOR<\/span>\n\t\t<\/span>\n\t\t\t\t\t<\/a>\n\t\t<\/div>\n\t\t\t\t<\/div>\n\t\t\t\t<\/div>\n\t\t\t\t\t\t<\/div>\n\t\t\t\t\t<\/div>\n\t\t<\/div>\n\t\t\t\t\t\t\t\t<\/div>\n\t\t\t\t\t<\/div>\n\t\t<\/section>\n\t\t\t\t<section class=\"elementor-section elementor-top-section elementor-element elementor-element-hm6teyo elementor-section-boxed elementor-section-height-default elementor-section-height-default\" data-id=\"hm6teyo\" data-element_type=\"section\">\n\t\t\t\t\t\t<div class=\"elementor-container elementor-column-gap-default\">\n\t\t\t\t\t\t\t<div class=\"elementor-row\">\n\t\t\t\t\t<div class=\"elementor-column elementor-col-100 elementor-top-column elementor-element elementor-element-ehbjbym\" data-id=\"ehbjbym\" data-element_type=\"column\">\n\t\t\t<div class=\"elementor-column-wrap elementor-element-populated\">\n\t\t\t\t\t\t\t<div class=\"elementor-widget-wrap\">\n\t\t\t\t\t\t<div class=\"elementor-element elementor-element-kebzizy elementor-widget elementor-widget-spacer\" data-id=\"kebzizy\" data-element_type=\"widget\" data-widget_type=\"spacer.default\">\n\t\t\t\t<div class=\"elementor-widget-container\">\n\t\t\t\t\t<div class=\"elementor-spacer\">\n\t\t\t<div class=\"elementor-spacer-inner\"><\/div>\n\t\t<\/div>\n\t\t\t\t<\/div>\n\t\t\t\t<\/div>\n\t\t\t\t\t\t<\/div>\n\t\t\t\t\t<\/div>\n\t\t<\/div>\n\t\t\t\t\t\t\t\t<\/div>\n\t\t\t\t\t<\/div>\n\t\t<\/section>\n\t\t\t\t\t\t\t\t\t<\/div>\n\t\t\t<\/div>\n\t\t\t\t\t<\/div>\n\t\t","protected":false},"excerpt":{"rendered":"<p>&nbsp; Experiencias Privadas Dise\u00f1adas Por Expertos Te invitamos a vivir destinos \u00fanicos de manera aut\u00e9ntica, segura y con gu\u00edas expertos. Reservaciones sencillas, atenci\u00f3n a clientes eficiente y toda la flexibilidad que necesites. CON\u00d3CENOS MEJOR<\/p>\n","protected":false},"author":1,"featured_media":0,"parent":0,"menu_order":0,"comment_status":"closed","ping_status":"closed","template":"","meta":{"_exactmetrics_skip_tracking":false,"_exactmetrics_sitenote_active":false,"_exactmetrics_sitenote_note":"","_exactmetrics_sitenote_category":0},"yoast_head":"<!-- This site is optimized with the Yoast SEO plugin v19.3 - https:\/\/yoast.com\/wordpress\/plugins\/seo\/ -->\n<title>Los Mejores Tours En San Miguel De Allende - Catrina Tours ES - San Miguel de Allende<\/title>\n<meta name=\"robots\" content=\"index, follow, max-snippet:-1, max-image-preview:large, max-video-preview:-1\" \/>\n<link rel=\"canonical\" href=\"https:\/\/catrinatours.com\/es\/los-mejores-tours-san-miguel\/\" \/>\n<meta property=\"og:locale\" content=\"es_MX\" \/>\n<meta property=\"og:type\" content=\"article\" \/>\n<meta property=\"og:title\" content=\"Los Mejores Tours En San Miguel De Allende - Catrina Tours ES - San Miguel de Allende\" \/>\n<meta property=\"og:description\" content=\"&nbsp; Experiencias Privadas Dise\u00f1adas Por Expertos Te invitamos a vivir destinos \u00fanicos de manera aut\u00e9ntica, segura y con gu\u00edas expertos. Reservaciones sencillas, atenci\u00f3n a clientes eficiente y toda la flexibilidad que necesites. CON\u00d3CENOS MEJOR\" \/>\n<meta property=\"og:url\" content=\"https:\/\/catrinatours.com\/es\/los-mejores-tours-san-miguel\/\" \/>\n<meta property=\"og:site_name\" content=\"Catrina Tours ES - San Miguel de Allende\" \/>\n<meta property=\"article:modified_time\" content=\"2017-10-31T07:05:36+00:00\" \/>\n<meta name=\"twitter:card\" content=\"summary\" \/>\n<script type=\"application\/ld+json\" class=\"yoast-schema-graph\">{\"@context\":\"https:\/\/schema.org\",\"@graph\":[{\"@type\":\"WebSite\",\"@id\":\"https:\/\/catrinatours.com\/es\/#website\",\"url\":\"https:\/\/catrinatours.com\/es\/\",\"name\":\"Catrina Tours ES - San Miguel de Allende\",\"description\":\"\",\"potentialAction\":[{\"@type\":\"SearchAction\",\"target\":{\"@type\":\"EntryPoint\",\"urlTemplate\":\"https:\/\/catrinatours.com\/es\/?s={search_term_string}\"},\"query-input\":\"required name=search_term_string\"}],\"inLanguage\":\"es-MX\"},{\"@type\":\"WebPage\",\"@id\":\"https:\/\/catrinatours.com\/es\/los-mejores-tours-san-miguel\/\",\"url\":\"https:\/\/catrinatours.com\/es\/los-mejores-tours-san-miguel\/\",\"name\":\"Los Mejores Tours En San Miguel De Allende - Catrina Tours ES - San Miguel de Allende\",\"isPartOf\":{\"@id\":\"https:\/\/catrinatours.com\/es\/#website\"},\"datePublished\":\"2017-10-27T05:10:11+00:00\",\"dateModified\":\"2017-10-31T07:05:36+00:00\",\"breadcrumb\":{\"@id\":\"https:\/\/catrinatours.com\/es\/los-mejores-tours-san-miguel\/#breadcrumb\"},\"inLanguage\":\"es-MX\",\"potentialAction\":[{\"@type\":\"ReadAction\",\"target\":[\"https:\/\/catrinatours.com\/es\/los-mejores-tours-san-miguel\/\"]}]},{\"@type\":\"BreadcrumbList\",\"@id\":\"https:\/\/catrinatours.com\/es\/los-mejores-tours-san-miguel\/#breadcrumb\",\"itemListElement\":[{\"@type\":\"ListItem\",\"position\":1,\"name\":\"Home\",\"item\":\"https:\/\/catrinatours.com\/es\/\"},{\"@type\":\"ListItem\",\"position\":2,\"name\":\"Los Mejores Tours En San Miguel De Allende\"}]}]}<\/script>\n<!-- \/ Yoast SEO plugin. -->","yoast_head_json":{"title":"Los Mejores Tours En San Miguel De Allende - Catrina Tours ES - San Miguel de Allende","robots":{"index":"index","follow":"follow","max-snippet":"max-snippet:-1","max-image-preview":"max-image-preview:large","max-video-preview":"max-video-preview:-1"},"canonical":"https:\/\/catrinatours.com\/es\/los-mejores-tours-san-miguel\/","og_locale":"es_MX","og_type":"article","og_title":"Los Mejores Tours En San Miguel De Allende - Catrina Tours ES - San Miguel de Allende","og_description":"&nbsp; Experiencias Privadas Dise\u00f1adas Por Expertos Te invitamos a vivir destinos \u00fanicos de manera aut\u00e9ntica, segura y con gu\u00edas expertos. Reservaciones sencillas, atenci\u00f3n a clientes eficiente y toda la flexibilidad que necesites. CON\u00d3CENOS MEJOR","og_url":"https:\/\/catrinatours.com\/es\/los-mejores-tours-san-miguel\/","og_site_name":"Catrina Tours ES - San Miguel de Allende","article_modified_time":"2017-10-31T07:05:36+00:00","twitter_card":"summary","schema":{"@context":"https:\/\/schema.org","@graph":[{"@type":"WebSite","@id":"https:\/\/catrinatours.com\/es\/#website","url":"https:\/\/catrinatours.com\/es\/","name":"Catrina Tours ES - San Miguel de Allende","description":"","potentialAction":[{"@type":"SearchAction","target":{"@type":"EntryPoint","urlTemplate":"https:\/\/catrinatours.com\/es\/?s={search_term_string}"},"query-input":"required name=search_term_string"}],"inLanguage":"es-MX"},{"@type":"WebPage","@id":"https:\/\/catrinatours.com\/es\/los-mejores-tours-san-miguel\/","url":"https:\/\/catrinatours.com\/es\/los-mejores-tours-san-miguel\/","name":"Los Mejores Tours En San Miguel De Allende - Catrina Tours ES - San Miguel de Allende","isPartOf":{"@id":"https:\/\/catrinatours.com\/es\/#website"},"datePublished":"2017-10-27T05:10:11+00:00","dateModified":"2017-10-31T07:05:36+00:00","breadcrumb":{"@id":"https:\/\/catrinatours.com\/es\/los-mejores-tours-san-miguel\/#breadcrumb"},"inLanguage":"es-MX","potentialAction":[{"@type":"ReadAction","target":["https:\/\/catrinatours.com\/es\/los-mejores-tours-san-miguel\/"]}]},{"@type":"BreadcrumbList","@id":"https:\/\/catrinatours.com\/es\/los-mejores-tours-san-miguel\/#breadcrumb","itemListElement":[{"@type":"ListItem","position":1,"name":"Home","item":"https:\/\/catrinatours.com\/es\/"},{"@type":"ListItem","position":2,"name":"Los Mejores Tours En San Miguel De Allende"}]}]}},"_links":{"self":[{"href":"https:\/\/catrinatours.com\/es\/wp-json\/wp\/v2\/pages\/655"}],"collection":[{"href":"https:\/\/catrinatours.com\/es\/wp-json\/wp\/v2\/pages"}],"about":[{"href":"https:\/\/catrinatours.com\/es\/wp-json\/wp\/v2\/types\/page"}],"author":[{"embeddable":true,"href":"https:\/\/catrinatours.com\/es\/wp-json\/wp\/v2\/users\/1"}],"replies":[{"embeddable":true,"href":"https:\/\/catrinatours.com\/es\/wp-json\/wp\/v2\/comments?post=655"}],"version-history":[{"count":13,"href":"https:\/\/catrinatours.com\/es\/wp-json\/wp\/v2\/pages\/655\/revisions"}],"predecessor-version":[{"id":984,"href":"https:\/\/catrinatours.com\/es\/wp-json\/wp\/v2\/pages\/655\/revisions\/984"}],"wp:attachment":[{"href":"https:\/\/catrinatours.com\/es\/wp-json\/wp\/v2\/media?parent=655"}],"curies":[{"name":"wp","href":"https:\/\/api.w.org\/{rel}","templated":true}]}}